{"id":13,"date":"2019-10-25T09:50:44","date_gmt":"2019-10-25T09:50:44","guid":{"rendered":"http:\/\/demo.athemes.com\/sydney-redesign\/?page_id=13"},"modified":"2022-08-10T14:38:21","modified_gmt":"2022-08-10T14:38:21","slug":"home","status":"publish","type":"page","link":"https:\/\/mpt.utcluj.ro\/","title":{"rendered":"MPT"},"content":{"rendered":"\t\t<div data-elementor-type=\"wp-page\" data-elementor-id=\"13\" class=\"elementor elementor-13\" data-elementor-settings=\"[]\">\n\t\t\t\t\t\t\t<div class=\"elementor-section-wrap\">\n\t\t\t\t\t\t\t<section class=\"elementor-section elementor-top-section elementor-element elementor-element-48774a4 elementor-section-boxed elementor-section-height-default elementor-section-height-default\" data-id=\"48774a4\" data-element_type=\"section\">\n\t\t\t\t\t\t<div class=\"elementor-container elementor-column-gap-default\">\n\t\t\t\t\t<div class=\"elementor-column elementor-col-100 elementor-top-column elementor-element elementor-element-9869010\" data-id=\"9869010\" data-element_type=\"column\">\n\t\t\t<div class=\"elementor-widget-wrap elementor-element-populated\">\n\t\t\t\t\t\t\t\t<div class=\"elementor-element elementor-element-65124f0 elementor-widget elementor-widget-menu-anchor\" data-id=\"65124f0\" data-element_type=\"widget\" data-widget_type=\"menu-anchor.default\">\n\t\t\t\t<div class=\"elementor-widget-container\">\n\t\t\t\t\t<div id=\"descopera\" class=\"elementor-menu-anchor\"><\/div>\n\t\t\t\t<\/div>\n\t\t\t\t<\/div>\n\t\t\t\t<div class=\"elementor-element elementor-element-c80e228 elementor-widget elementor-widget-text-editor\" data-id=\"c80e228\" data-element_type=\"widget\" data-widget_type=\"text-editor.default\">\n\t\t\t\t<div class=\"elementor-widget-container\">\n\t\t\t\t\t\t\t\t<p><span style=\"color: #ff6600;\"><strong>Cui ne adresam?<\/strong><\/span> Programul de masterat MPT este adresat absolven\u021bilor din domenii tehnice (\u00een special angaja\u021bi sau \u00eentreprinz\u0103tori) care doresc s\u0103 \u00een\u021beleag\u0103, la un nivel superior, particularit\u0103\u021bile \u0219i provoc\u0103rile proiectelor tehnice (industriale, IT, construc\u021bii), <strong>pe tot ciclul de via\u021b\u0103 al acestora<\/strong> \u0219i dintr-o <strong>perspectiv\u0103 interdisciplinar\u0103<\/strong>. <strong>Derulat \u00een parteneriat strategic cu compania Emerson<\/strong>, \u00eencep\u00e2nd cu anul universitar 2021-2022, MPT are ca misiune <strong><em>formarea de speciali\u0219ti capabili s\u0103 coordoneze cu succes proiecte tehnice complexe, de la idee la rezultate sustenabile<\/em><\/strong>.<\/p><p>\u00a0<\/p>\t\t\t\t\t\t<\/div>\n\t\t\t\t<\/div>\n\t\t\t\t<div class=\"elementor-element elementor-element-de99dff elementor-button-info elementor-widget__width-inherit elementor-widget elementor-widget-button\" data-id=\"de99dff\" data-element_type=\"widget\" data-widget_type=\"button.default\">\n\t\t\t\t<div class=\"elementor-widget-container\">\n\t\t\t\t\t<div class=\"elementor-button-wrapper\">\n\t\t\t<a href=\"https:\/\/mpt.utcluj.ro\/?page_id=372\" class=\"elementor-button-link elementor-button elementor-size-sm\" role=\"button\">\n\t\t\t\t\t\t<span class=\"elementor-button-content-wrapper\">\n\t\t\t\t\t\t<span class=\"elementor-button-icon elementor-align-icon-left\">\n\t\t\t\t<i aria-hidden=\"true\" class=\"fas fa-external-link-alt\"><\/i>\t\t\t<\/span>\n\t\t\t\t\t\t<span class=\"elementor-button-text\">Citeste mai mult despre carierele pe care le vei putea urma<\/span>\n\t\t<\/span>\n\t\t\t\t\t<\/a>\n\t\t<\/div>\n\t\t\t\t<\/div>\n\t\t\t\t<\/div>\n\t\t\t\t\t<\/div>\n\t\t<\/div>\n\t\t\t\t\t\t\t<\/div>\n\t\t<\/section>\n\t\t\t\t<section class=\"elementor-section elementor-top-section elementor-element elementor-element-856bf8a elementor-section-stretched elementor-section-height-min-height elementor-section-boxed elementor-section-height-default elementor-section-items-middle\" data-id=\"856bf8a\" data-element_type=\"section\" data-settings=\"{&quot;stretch_section&quot;:&quot;section-stretched&quot;,&quot;background_background&quot;:&quot;classic&quot;}\">\n\t\t\t\t\t\t<div class=\"elementor-container elementor-column-gap-default\">\n\t\t\t\t\t<div class=\"elementor-column elementor-col-100 elementor-top-column elementor-element elementor-element-b7c8262\" data-id=\"b7c8262\" data-element_type=\"column\">\n\t\t\t<div class=\"elementor-widget-wrap elementor-element-populated\">\n\t\t\t\t\t\t\t\t<div class=\"elementor-element elementor-element-191b900 elementor-widget elementor-widget-text-editor\" data-id=\"191b900\" data-element_type=\"widget\" data-widget_type=\"text-editor.default\">\n\t\t\t\t<div class=\"elementor-widget-container\">\n\t\t\t\t\t\t\t\t<p><span style=\"color: #ff6600;\"><strong>Ce vei invata?<\/strong> <\/span><span style=\"color: #ffffff;\">Programul de masterat MPT este construit at\u00e2t pe discipline consacrate \u00een managementul de proiect &#8211; <b>particularizate \u00eens\u0103 pentru proiecte tehnice<\/b> &#8211; c\u00e2t \u0219i pe<b> discipline care \u00eel diferen\u021biaz\u0103 semnificativ<\/b> de alte abord\u0103ri (generaliste) de management de proiect: <i>Software avansat pentru managementul proiectelor<\/i>, <i>Managementul proiectelor industriale<\/i>, <i>Managementul proiectelor din construc\u021bii<\/i>, <i>Managementul cuno\u0219tin\u021belor \u0219i transfer tehnologic, Negocierea \u015fi managementul contractelor<\/i> sau <i>Legisla\u021bie comercial\u0103 \u0219i managementul achizi\u021biilor<\/i>.<\/span><\/p><p><span style=\"color: #ffffff;\">Programul de masterat MPT este puternic interdisciplinar; sectoarele de activitate vizate prioritar sunt cele industriale, IT-ul \u0219i construc\u021biile. Programul de masterat MPT este de asemenea relevant pentru toate organiza\u021biile care deruleaz\u0103 proiecte de cercetare-dezvoltare.<\/span><\/p>\t\t\t\t\t\t<\/div>\n\t\t\t\t<\/div>\n\t\t\t\t<div class=\"elementor-element elementor-element-4c7f2ad elementor-button-info elementor-widget__width-inherit elementor-widget elementor-widget-button\" data-id=\"4c7f2ad\" data-element_type=\"widget\" data-widget_type=\"button.default\">\n\t\t\t\t<div class=\"elementor-widget-container\">\n\t\t\t\t\t<div class=\"elementor-button-wrapper\">\n\t\t\t<a href=\"https:\/\/mpt.utcluj.ro\/?page_id=372\" class=\"elementor-button-link elementor-button elementor-size-sm\" role=\"button\">\n\t\t\t\t\t\t<span class=\"elementor-button-content-wrapper\">\n\t\t\t\t\t\t<span class=\"elementor-button-icon elementor-align-icon-left\">\n\t\t\t\t<i aria-hidden=\"true\" class=\"fas fa-external-link-alt\"><\/i>\t\t\t<\/span>\n\t\t\t\t\t\t<span class=\"elementor-button-text\">Citeste mai mult despre competentele pe care le vei dobandi<\/span>\n\t\t<\/span>\n\t\t\t\t\t<\/a>\n\t\t<\/div>\n\t\t\t\t<\/div>\n\t\t\t\t<\/div>\n\t\t\t\t<div class=\"elementor-element elementor-element-3e26670 elementor-widget elementor-widget-text-editor\" data-id=\"3e26670\" data-element_type=\"widget\" data-widget_type=\"text-editor.default\">\n\t\t\t\t<div class=\"elementor-widget-container\">\n\t\t\t\t\t\t\t\t<p>\u00a0<\/p><p><span style=\"color: #ff6600;\"><strong>Cine preda?<\/strong><\/span> <span style=\"color: #ffffff;\">Lectorii programului de masterat MPT <i>au experien\u021b\u0103 semnificativ\u0103 \u00een managementul proiectelor tehnice complexe \u0219i au fost (\u0219i sunt) implica\u021bi at\u00e2t \u00een proiecte cu industria c\u00e2t \u0219i \u00een proiecte de cercetare<\/i>. Lectorii provin at\u00e2t din mediul universitar (Universitatea Tehnic\u0103) c\u00e2t <b>\u0219i<\/b> din cel industrial (partenerul strategic Emerson \u0219i al\u021bi parteneri din industrie \u0219i IT). Activitatea ini\u021biatorilor acestui program (\u0219i a lectorilor prev\u0103zu\u021bi a fi implica\u021bi) a condus la formarea de competen\u021be semnificative \u00een managementul proiectelor <i><b>tehnice<\/b><\/i>, abordate pe <i>\u00eentreg ciclul de via\u021b\u0103 al acestora<\/i> \u0219i din <i>perspectiv\u0103 interdisciplinar\u0103<\/i>. Programul MPT valorific\u0103 aceste competen\u021be \u0219i experien\u021ba acumulat\u0103, traduc\u00e2ndu-le \u00een 21 discipline cu puternic caracter aplicativ.<\/span><\/p><p><span style=\"color: #ff6600;\"><strong>Cum vei invata?<\/strong> <\/span><span style=\"color: #ffffff;\">La cursuri, proiecte si laboratoare, focalizarea va fi pe aplicatii reale, cu provocari si constrangeri reale. Suporturile teoretice (cursurile) sunt gandite sa sustina proiectele si laboratoarele; ele sunt asadar strans legate de componenta aplicativa. Vom acorda o atentie aparte interactivitatii cursurilor si a activitatilor aplicative: paradigma pe care ne dorim s-o implementam, in derularea tuturor activitatilor didactice, este problem- si project-based learning. Componenta principala a verificarii cunostintelor acumulate, pentru fiecare disciplina, va fi sub forma de mini-proiecte, desfasurate in echipe de 2-3 masteranzi.<\/span><\/p>\t\t\t\t\t\t<\/div>\n\t\t\t\t<\/div>\n\t\t\t\t<div class=\"elementor-element elementor-element-b4b0db3 elementor-button-info elementor-widget__width-inherit elementor-widget elementor-widget-button\" data-id=\"b4b0db3\" data-element_type=\"widget\" data-widget_type=\"button.default\">\n\t\t\t\t<div class=\"elementor-widget-container\">\n\t\t\t\t\t<div class=\"elementor-button-wrapper\">\n\t\t\t<a href=\"https:\/\/mpt.utcluj.ro\/?page_id=671\" class=\"elementor-button-link elementor-button elementor-size-sm\" role=\"button\">\n\t\t\t\t\t\t<span class=\"elementor-button-content-wrapper\">\n\t\t\t\t\t\t<span class=\"elementor-button-icon elementor-align-icon-left\">\n\t\t\t\t<i aria-hidden=\"true\" class=\"fas fa-external-link-alt\"><\/i>\t\t\t<\/span>\n\t\t\t\t\t\t<span class=\"elementor-button-text\">Citeste mai mult despre disciplinele programului MPT<\/span>\n\t\t<\/span>\n\t\t\t\t\t<\/a>\n\t\t<\/div>\n\t\t\t\t<\/div>\n\t\t\t\t<\/div>\n\t\t\t\t\t<\/div>\n\t\t<\/div>\n\t\t\t\t\t\t\t<\/div>\n\t\t<\/section>\n\t\t\t\t<section class=\"elementor-section elementor-top-section elementor-element elementor-element-4cd33b6 elementor-section-boxed elementor-section-height-default elementor-section-height-default\" data-id=\"4cd33b6\" data-element_type=\"section\">\n\t\t\t\t\t\t<div class=\"elementor-container elementor-column-gap-default\">\n\t\t\t\t\t<div class=\"elementor-column elementor-col-100 elementor-top-column elementor-element elementor-element-dc0383a\" data-id=\"dc0383a\" data-element_type=\"column\">\n\t\t\t<div class=\"elementor-widget-wrap elementor-element-populated\">\n\t\t\t\t\t\t\t\t<div class=\"elementor-element elementor-element-6a82e13 elementor-widget elementor-widget-text-editor\" data-id=\"6a82e13\" data-element_type=\"widget\" data-widget_type=\"text-editor.default\">\n\t\t\t\t<div class=\"elementor-widget-container\">\n\t\t\t\t\t\t\t\t<p align=\"justify\"><span style=\"color: #ff6600;\"><strong>E nevoie in Romania de manageri de proiecte tehnice?<\/strong><\/span> Mediul economic din Rom\u00e2nia are nevoie de speciali\u0219ti cu o preg\u0103tire complex\u0103 interdisciplinar\u0103 (tehnic\u0103, comercial\u0103, gestionare resurse umane, planificare etc.) datorit\u0103 faptului c\u0103 firmele rom\u00e2ne\u0219ti, dar \u0219i multe multina\u021bionale, \u00ee\u0219i gestioneaz\u0103 &#8211; din Rom\u00e2nia &#8211; diverse proiecte \u00een \u00eentreaga lume. Tehnologiile de comunicare fiind la \u00eendem\u00e2n\u0103, proiectele se gestioneaz\u0103 centralizat, \u00een puncte unde sunt concentra\u021bi ingineri \u0219i manageri de proiect. \u00cen Rom\u00e2nia exist\u0103 deja birouri de inginerie de unde se gestioneaz\u0103 global proiecte. Totodat\u0103, tot mai multe IMM-uri abordeaz\u0103 modul de lucru project-based \u00een rela\u021biile cu partenerii lor economici.<\/p><p align=\"justify\">Am initiat programul MPT, in parteneriat cu Emerson, la solicitarea mediului economic din regiune, care are o puternic\u0103 orientare \u00eenspre proiecte tehnice complexe \u00een industrie. Programul de masterat MPT este puternic interdisciplinar; sectoarele de activitate vizate prioritar sunt cele industriale, IT-ul \u0219i construc\u021biile. Programul de masterat MPT este de asemenea relevant pentru toate organiza\u021biile care deruleaz\u0103 proiecte de cercetare-dezvoltare.<\/p>\t\t\t\t\t\t<\/div>\n\t\t\t\t<\/div>\n\t\t\t\t<div class=\"elementor-element elementor-element-999421a elementor-button-info elementor-widget__width-inherit elementor-widget elementor-widget-button\" data-id=\"999421a\" data-element_type=\"widget\" data-widget_type=\"button.default\">\n\t\t\t\t<div class=\"elementor-widget-container\">\n\t\t\t\t\t<div class=\"elementor-button-wrapper\">\n\t\t\t<a href=\"https:\/\/mpt.utcluj.ro\/?page_id=372\" class=\"elementor-button-link elementor-button elementor-size-sm\" role=\"button\">\n\t\t\t\t\t\t<span class=\"elementor-button-content-wrapper\">\n\t\t\t\t\t\t<span class=\"elementor-button-icon elementor-align-icon-left\">\n\t\t\t\t<i aria-hidden=\"true\" class=\"fas fa-external-link-alt\"><\/i>\t\t\t<\/span>\n\t\t\t\t\t\t<span class=\"elementor-button-text\">Citeste mai mult despre nevoia unui management performant in proiecte tehnice<\/span>\n\t\t<\/span>\n\t\t\t\t\t<\/a>\n\t\t<\/div>\n\t\t\t\t<\/div>\n\t\t\t\t<\/div>\n\t\t\t\t\t<\/div>\n\t\t<\/div>\n\t\t\t\t\t\t\t<\/div>\n\t\t<\/section>\n\t\t\t\t<section class=\"elementor-section elementor-top-section elementor-element elementor-element-2d93a0c elementor-section-stretched elementor-section-height-min-height elementor-section-boxed elementor-section-height-default elementor-section-items-middle\" data-id=\"2d93a0c\" data-element_type=\"section\" data-settings=\"{&quot;stretch_section&quot;:&quot;section-stretched&quot;,&quot;background_background&quot;:&quot;classic&quot;}\">\n\t\t\t\t\t\t<div class=\"elementor-container elementor-column-gap-default\">\n\t\t\t\t\t<div class=\"elementor-column elementor-col-100 elementor-top-column elementor-element elementor-element-5ead722\" data-id=\"5ead722\" data-element_type=\"column\">\n\t\t\t<div class=\"elementor-widget-wrap elementor-element-populated\">\n\t\t\t\t\t\t\t\t<div class=\"elementor-element elementor-element-66fcb4e elementor-widget elementor-widget-text-editor\" data-id=\"66fcb4e\" data-element_type=\"widget\" data-widget_type=\"text-editor.default\">\n\t\t\t\t<div class=\"elementor-widget-container\">\n\t\t\t\t\t\t\t\t<p><span style=\"color: #ff6600;\"><strong>Admiterea<\/strong><\/span> <span style=\"color: #ffffff;\">se face la fel ca pentru toate celelalte programe de master ale Universitatii Tehnice din Cluj-Napoca. Pot candida absolven\u021bii cu diplom\u0103 de licen\u021b\u0103 sau echivalent\u0103. Departajarea candidatilor se face pe baza notelor obtinute la absolvirea studiilor de licenta si a unui scurt examen sub forma unui interviu. Interviul vizeaza cuno\u0219tin\u021be ingineresti generale, dobandite pe parcursul studiilor universitare de licenta (pentru care bibliografia este disponibila pe site-ul programului masteral), precum si motivatia profesionala pe care o are candidatul privind proiectele tehnice.<\/span><\/p>\t\t\t\t\t\t<\/div>\n\t\t\t\t<\/div>\n\t\t\t\t<div class=\"elementor-element elementor-element-15f5208 elementor-button-info elementor-widget__width-inherit elementor-widget elementor-widget-button\" data-id=\"15f5208\" data-element_type=\"widget\" data-widget_type=\"button.default\">\n\t\t\t\t<div class=\"elementor-widget-container\">\n\t\t\t\t\t<div class=\"elementor-button-wrapper\">\n\t\t\t<a href=\"https:\/\/mpt.utcluj.ro\/?page_id=361\" class=\"elementor-button-link elementor-button elementor-size-sm\" role=\"button\">\n\t\t\t\t\t\t<span class=\"elementor-button-content-wrapper\">\n\t\t\t\t\t\t<span class=\"elementor-button-icon elementor-align-icon-left\">\n\t\t\t\t<i aria-hidden=\"true\" class=\"fas fa-external-link-alt\"><\/i>\t\t\t<\/span>\n\t\t\t\t\t\t<span class=\"elementor-button-text\">Afla mai multe despre admiterea la acest master<\/span>\n\t\t<\/span>\n\t\t\t\t\t<\/a>\n\t\t<\/div>\n\t\t\t\t<\/div>\n\t\t\t\t<\/div>\n\t\t\t\t\t<\/div>\n\t\t<\/div>\n\t\t\t\t\t\t\t<\/div>\n\t\t<\/section>\n\t\t\t\t\t\t<\/div>\n\t\t\t\t\t<\/div>\n\t\t","protected":false},"excerpt":{"rendered":"<p>Cui ne adresam? Programul de masterat MPT este adresat absolven\u021bilor din domenii tehnice (\u00een special angaja\u021bi sau \u00eentreprinz\u0103tori) care doresc s\u0103 \u00een\u021beleag\u0103, [&hellip;]<\/p>\n","protected":false},"author":1,"featured_media":0,"parent":0,"menu_order":0,"comment_status":"closed","ping_status":"closed","template":"page-templates\/page_front-page.php","meta":{"footnotes":""},"class_list":["post-13","page","type-page","status-publish","hentry"],"_links":{"self":[{"href":"https:\/\/mpt.utcluj.ro\/index.php?rest_route=\/wp\/v2\/pages\/13","targetHints":{"allow":["GET"]}}],"collection":[{"href":"https:\/\/mpt.utcluj.ro\/index.php?rest_route=\/wp\/v2\/pages"}],"about":[{"href":"https:\/\/mpt.utcluj.ro\/index.php?rest_route=\/wp\/v2\/types\/page"}],"author":[{"embeddable":true,"href":"https:\/\/mpt.utcluj.ro\/index.php?rest_route=\/wp\/v2\/users\/1"}],"replies":[{"embeddable":true,"href":"https:\/\/mpt.utcluj.ro\/index.php?rest_route=%2Fwp%2Fv2%2Fcomments&post=13"}],"version-history":[{"count":65,"href":"https:\/\/mpt.utcluj.ro\/index.php?rest_route=\/wp\/v2\/pages\/13\/revisions"}],"predecessor-version":[{"id":1448,"href":"https:\/\/mpt.utcluj.ro\/index.php?rest_route=\/wp\/v2\/pages\/13\/revisions\/1448"}],"wp:attachment":[{"href":"https:\/\/mpt.utcluj.ro\/index.php?rest_route=%2Fwp%2Fv2%2Fmedia&parent=13"}],"curies":[{"name":"wp","href":"https:\/\/api.w.org\/{rel}","templated":true}]}}