{"id":361,"date":"2019-10-30T19:37:49","date_gmt":"2019-10-30T19:37:49","guid":{"rendered":"http:\/\/demo.athemes.com\/sydney-redesign\/?page_id=361"},"modified":"2025-08-18T07:49:03","modified_gmt":"2025-08-18T07:49:03","slug":"team","status":"publish","type":"page","link":"https:\/\/mpt.utcluj.ro\/?page_id=361","title":{"rendered":"Admitere"},"content":{"rendered":"\t\t<div data-elementor-type=\"wp-page\" data-elementor-id=\"361\" class=\"elementor elementor-361\" data-elementor-settings=\"[]\">\n\t\t\t\t\t\t\t<div class=\"elementor-section-wrap\">\n\t\t\t\t\t\t\t<section class=\"elementor-section elementor-top-section elementor-element elementor-element-69d5b59 elementor-section-boxed elementor-section-height-default elementor-section-height-default\" data-id=\"69d5b59\" data-element_type=\"section\">\n\t\t\t\t\t\t<div class=\"elementor-container elementor-column-gap-default\">\n\t\t\t\t\t<div class=\"elementor-column elementor-col-50 elementor-top-column elementor-element elementor-element-caf8ad4\" data-id=\"caf8ad4\" data-element_type=\"column\">\n\t\t\t<div class=\"elementor-widget-wrap elementor-element-populated\">\n\t\t\t\t\t\t\t\t<div class=\"elementor-element elementor-element-2a9162d elementor-widget elementor-widget-heading\" data-id=\"2a9162d\" data-element_type=\"widget\" data-widget_type=\"heading.default\">\n\t\t\t\t<div class=\"elementor-widget-container\">\n\t\t\t<h1 class=\"elementor-heading-title elementor-size-default\">Admitere \u0219i profilul candida\u021bilor<\/h1>\t\t<\/div>\n\t\t\t\t<\/div>\n\t\t\t\t<section class=\"elementor-section elementor-inner-section elementor-element elementor-element-e173510 elementor-section-boxed elementor-section-height-default elementor-section-height-default\" data-id=\"e173510\" data-element_type=\"section\">\n\t\t\t\t\t\t<div class=\"elementor-container elementor-column-gap-default\">\n\t\t\t\t\t<div class=\"elementor-column elementor-col-100 elementor-inner-column elementor-element elementor-element-c18ed20\" data-id=\"c18ed20\" data-element_type=\"column\">\n\t\t\t<div class=\"elementor-widget-wrap elementor-element-populated\">\n\t\t\t\t\t\t\t\t<div class=\"elementor-element elementor-element-fad44cb elementor-widget elementor-widget-text-editor\" data-id=\"fad44cb\" data-element_type=\"widget\" data-widget_type=\"text-editor.default\">\n\t\t\t\t<div class=\"elementor-widget-container\">\n\t\t\t\t\t\t\t\t<p><span style=\"color: #ff6600;\"><strong>Admiterea<\/strong><\/span> se face la fel ca pentru toate celelalte programe de master ale Universitatii Tehnice din Cluj-Napoca. Pot candida absolven\u021bii cu diplom\u0103 de licen\u021b\u0103 sau echivalent\u0103. Departajarea candida\u021bilor se face pe baza notelor ob\u021binute la un interviu motiva\u021bional \u0219i la finalizarea studiilor de licen\u021b\u0103.<\/p><p><span style=\"color: #808000;\"><strong>Pentru sesiunea de admitere din septembrie 2025 programul MPT are alocate 3 locuri la buget \u0219i 28 locuri cu tax\u0103.<\/strong><\/span>\u00a0<\/p><p><strong><span style=\"color: #ff6600;\">Interviul<\/span><\/strong> vizeaz\u0103 motiva\u021bia profesional\u0103 pe care o are candidatul privind managementul proiectelor tehnice. La interviu, o scrisoare de recomandare sau o diplom\u0103 profesional\u0103 pot reprezenta un plus. <em>Sunt apreciate recomand\u0103rile din partea celor care deja urmeaz\u0103 (sau care au absolvit) programul MPT<\/em>.<\/p><p>Reper bibliografic: Project Management Body of Knowledge, Project Management Institute (indiferent de edi\u021bie).<\/p><p>\u00cen cadrul interviului, candidatul poate avea la dispozi\u021bie, pentru consultare, orice material bibliografic. Nu este necesar\u0103 memorarea de informa\u021bii din bibliografie.<\/p><p><strong><span style=\"color: #ff6600;\">Detaliile opera\u021bionale<\/span><\/strong> legate de admitere (calendar, con\u021binut dosar, taxe) sunt disponibile pe site-ul Universit\u0103\u021bii <a href=\"https:\/\/admitereonline.utcluj.ro\/inginerie-industriala-robotica-si-managementul-productiei-master\/\" target=\"_blank\" rel=\"noopener\">aici<\/a>.<\/p><p><strong><span style=\"color: #ff6600;\">Costurile<\/span><\/strong> pentru programul MPT sunt la fel cu costurile pentru oricare alt program de master. Taxele pentru activit\u0103\u021bile didactice ale studen\u021bilor, percepute de Universitatea Tehnic\u0103, sunt disponibile <a href=\"https:\/\/www.utcluj.ro\/media\/decisions\/2025\/07\/18\/Taxele_pentru_anul_universitar_2025-2026.pdf\" target=\"_blank\" rel=\"noopener\">aici<\/a>.<\/p>\t\t\t\t\t\t<\/div>\n\t\t\t\t<\/div>\n\t\t\t\t\t<\/div>\n\t\t<\/div>\n\t\t\t\t\t\t\t<\/div>\n\t\t<\/section>\n\t\t\t\t<section class=\"elementor-section elementor-inner-section elementor-element elementor-element-a94b23a elementor-section-boxed elementor-section-height-default elementor-section-height-default\" data-id=\"a94b23a\" data-element_type=\"section\">\n\t\t\t\t\t\t<div class=\"elementor-container elementor-column-gap-default\">\n\t\t\t\t\t<div class=\"elementor-column elementor-col-100 elementor-inner-column elementor-element elementor-element-a899eb4\" data-id=\"a899eb4\" data-element_type=\"column\">\n\t\t\t<div class=\"elementor-widget-wrap elementor-element-populated\">\n\t\t\t\t\t\t\t\t<div class=\"elementor-element elementor-element-96fb4ed elementor-widget elementor-widget-text-editor\" data-id=\"96fb4ed\" data-element_type=\"widget\" data-widget_type=\"text-editor.default\">\n\t\t\t\t<div class=\"elementor-widget-container\">\n\t\t\t\t\t\t\t\t<p><sub>(<em>last update: 2025-08-17<\/em>)<\/sub><\/p>\t\t\t\t\t\t<\/div>\n\t\t\t\t<\/div>\n\t\t\t\t\t<\/div>\n\t\t<\/div>\n\t\t\t\t\t\t\t<\/div>\n\t\t<\/section>\n\t\t\t\t\t<\/div>\n\t\t<\/div>\n\t\t\t\t<div class=\"elementor-column elementor-col-50 elementor-top-column elementor-element elementor-element-4ee41d9\" data-id=\"4ee41d9\" data-element_type=\"column\">\n\t\t\t<div class=\"elementor-widget-wrap elementor-element-populated\">\n\t\t\t\t\t\t\t\t<section class=\"elementor-section elementor-inner-section elementor-element elementor-element-08dccd0 elementor-section-boxed elementor-section-height-default elementor-section-height-default\" data-id=\"08dccd0\" data-element_type=\"section\" data-settings=\"{&quot;background_background&quot;:&quot;classic&quot;}\">\n\t\t\t\t\t\t<div class=\"elementor-container elementor-column-gap-default\">\n\t\t\t\t\t<div class=\"elementor-column elementor-col-100 elementor-inner-column elementor-element elementor-element-f550ea1\" data-id=\"f550ea1\" data-element_type=\"column\">\n\t\t\t<div class=\"elementor-widget-wrap elementor-element-populated\">\n\t\t\t\t\t\t\t\t<div class=\"elementor-element elementor-element-3e72fe3 elementor-widget elementor-widget-text-editor\" data-id=\"3e72fe3\" data-element_type=\"widget\" data-widget_type=\"text-editor.default\">\n\t\t\t\t<div class=\"elementor-widget-container\">\n\t\t\t\t\t\t\t\t<p><strong>Calendarul admiterii de toamn\u0103 2025<\/strong>:<\/p><p>\u00censcrieri: 9 &#8211; 13 septembrie (ora 15:00)<\/p><p>Interviul: 15 septembrie<\/p><p>Rezultate: 16 septembrie (ora 12:00)<\/p><p>Contesta\u021bii: 16 septembrie (&lt;18:00)<\/p><p>Confirmarea locurilor: 17 septembrie (&lt;16:00)<\/p><p>Rezultate finale: 17 septembrie (ora 20:00)<\/p>\t\t\t\t\t\t<\/div>\n\t\t\t\t<\/div>\n\t\t\t\t<div class=\"elementor-element elementor-element-ec721cc elementor-button-info elementor-align-justify elementor-widget elementor-widget-button\" data-id=\"ec721cc\" data-element_type=\"widget\" data-widget_type=\"button.default\">\n\t\t\t\t<div class=\"elementor-widget-container\">\n\t\t\t\t\t<div class=\"elementor-button-wrapper\">\n\t\t\t<a href=\"https:\/\/admitereonline.utcluj.ro\/inginerie-industriala-robotica-si-managementul-productiei-master\/\" class=\"elementor-button-link elementor-button elementor-size-sm\" role=\"button\">\n\t\t\t\t\t\t<span class=\"elementor-button-content-wrapper\">\n\t\t\t\t\t\t<span class=\"elementor-button-icon elementor-align-icon-left\">\n\t\t\t\t<i aria-hidden=\"true\" class=\"far fa-arrow-alt-circle-right\"><\/i>\t\t\t<\/span>\n\t\t\t\t\t\t<span class=\"elementor-button-text\">admitereonline.utcluj.ro<\/span>\n\t\t<\/span>\n\t\t\t\t\t<\/a>\n\t\t<\/div>\n\t\t\t\t<\/div>\n\t\t\t\t<\/div>\n\t\t\t\t\t<\/div>\n\t\t<\/div>\n\t\t\t\t\t\t\t<\/div>\n\t\t<\/section>\n\t\t\t\t\t<\/div>\n\t\t<\/div>\n\t\t\t\t\t\t\t<\/div>\n\t\t<\/section>\n\t\t\t\t\t\t<\/div>\n\t\t\t\t\t<\/div>\n\t\t","protected":false},"excerpt":{"rendered":"<p>Admitere \u0219i profilul candida\u021bilor Admiterea se face la fel ca pentru toate celelalte programe de master ale Universitatii Tehnice din Cluj-Napoca. Pot [&hellip;]<\/p>\n","protected":false},"author":1,"featured_media":0,"parent":0,"menu_order":0,"comment_status":"closed","ping_status":"closed","template":"page-templates\/page_front-page.php","meta":{"footnotes":""},"class_list":["post-361","page","type-page","status-publish","hentry"],"_links":{"self":[{"href":"https:\/\/mpt.utcluj.ro\/index.php?rest_route=\/wp\/v2\/pages\/361","targetHints":{"allow":["GET"]}}],"collection":[{"href":"https:\/\/mpt.utcluj.ro\/index.php?rest_route=\/wp\/v2\/pages"}],"about":[{"href":"https:\/\/mpt.utcluj.ro\/index.php?rest_route=\/wp\/v2\/types\/page"}],"author":[{"embeddable":true,"href":"https:\/\/mpt.utcluj.ro\/index.php?rest_route=\/wp\/v2\/users\/1"}],"replies":[{"embeddable":true,"href":"https:\/\/mpt.utcluj.ro\/index.php?rest_route=%2Fwp%2Fv2%2Fcomments&post=361"}],"version-history":[{"count":139,"href":"https:\/\/mpt.utcluj.ro\/index.php?rest_route=\/wp\/v2\/pages\/361\/revisions"}],"predecessor-version":[{"id":1551,"href":"https:\/\/mpt.utcluj.ro\/index.php?rest_route=\/wp\/v2\/pages\/361\/revisions\/1551"}],"wp:attachment":[{"href":"https:\/\/mpt.utcluj.ro\/index.php?rest_route=%2Fwp%2Fv2%2Fmedia&parent=361"}],"curies":[{"name":"wp","href":"https:\/\/api.w.org\/{rel}","templated":true}]}}