{"id":679,"date":"2021-04-23T11:01:31","date_gmt":"2021-04-23T11:01:31","guid":{"rendered":"https:\/\/localhost\/wordpress\/?page_id=679"},"modified":"2022-08-10T14:40:11","modified_gmt":"2022-08-10T14:40:11","slug":"de-ce-mpt","status":"publish","type":"page","link":"https:\/\/mpt.utcluj.ro\/?page_id=679","title":{"rendered":"De ce MPT?"},"content":{"rendered":"\t\t<div data-elementor-type=\"wp-page\" data-elementor-id=\"679\" class=\"elementor elementor-679\" data-elementor-settings=\"[]\">\n\t\t\t\t\t\t\t<div class=\"elementor-section-wrap\">\n\t\t\t\t\t\t\t<section class=\"elementor-section elementor-top-section elementor-element elementor-element-3f2e412 elementor-section-boxed elementor-section-height-default elementor-section-height-default\" data-id=\"3f2e412\" data-element_type=\"section\">\n\t\t\t\t\t\t<div class=\"elementor-container elementor-column-gap-default\">\n\t\t\t\t\t<div class=\"elementor-column elementor-col-50 elementor-top-column elementor-element elementor-element-9aa0f7a\" data-id=\"9aa0f7a\" data-element_type=\"column\">\n\t\t\t<div class=\"elementor-widget-wrap elementor-element-populated\">\n\t\t\t\t\t\t\t\t<div class=\"elementor-element elementor-element-0e610f0 elementor-widget elementor-widget-heading\" data-id=\"0e610f0\" data-element_type=\"widget\" data-widget_type=\"heading.default\">\n\t\t\t\t<div class=\"elementor-widget-container\">\n\t\t\t<h1 class=\"elementor-heading-title elementor-size-default\">De ce Managementul Proiectelor Tehnice?<\/h1>\t\t<\/div>\n\t\t\t\t<\/div>\n\t\t\t\t<section class=\"elementor-section elementor-inner-section elementor-element elementor-element-ed92f73 elementor-section-boxed elementor-section-height-default elementor-section-height-default\" data-id=\"ed92f73\" data-element_type=\"section\">\n\t\t\t\t\t\t<div class=\"elementor-container elementor-column-gap-default\">\n\t\t\t\t\t<div class=\"elementor-column elementor-col-100 elementor-inner-column elementor-element elementor-element-a9616c7\" data-id=\"a9616c7\" data-element_type=\"column\">\n\t\t\t<div class=\"elementor-widget-wrap elementor-element-populated\">\n\t\t\t\t\t\t\t\t<div class=\"elementor-element elementor-element-8e3e197 elementor-widget elementor-widget-text-editor\" data-id=\"8e3e197\" data-element_type=\"widget\" data-widget_type=\"text-editor.default\">\n\t\t\t\t<div class=\"elementor-widget-container\">\n\t\t\t\t\t\t\t\t<span style=\"color: #ff6600;\"><strong>Cui ne adresam?<\/strong><\/span> Programul de masterat Managementul Proiectelor Tehnice (pe scurt: MPT) este cea mai potrivita alegere daca sunteti interesat de planificarea, organizarea, conducerea si incheierea cu succes a proiectelor ingineresti. <strong>Derulat \u00een parteneriat strategic cu compania Emerson<\/strong>, \u00eencep\u00e2nd cu anul universitar 2021-2022, MPT are ca misiune <strong><em>formarea de speciali\u0219ti capabili s\u0103 coordoneze cu succes proiecte tehnice complexe, de la idee la rezultate sustenabile<\/em><\/strong>. Programul de masterat MPT este adresat absolven\u021bilor din domenii tehnice (\u00een special angaja\u021bi sau \u00eentreprinz\u0103tori) care doresc s\u0103 \u00een\u021beleag\u0103, la un nivel superior, particularit\u0103\u021bile \u0219i provoc\u0103rile proiectelor tehnice (industriale, IT, construc\u021bii), <strong>pe tot ciclul de via\u021b\u0103 al acestora<\/strong> \u0219i dintr-o <strong>perspectiv\u0103 interdisciplinar\u0103<\/strong>.\t\t\t\t\t\t<\/div>\n\t\t\t\t<\/div>\n\t\t\t\t<div class=\"elementor-element elementor-element-31b3ff7 elementor-button-info elementor-widget__width-inherit elementor-widget elementor-widget-button\" data-id=\"31b3ff7\" data-element_type=\"widget\" data-widget_type=\"button.default\">\n\t\t\t\t<div class=\"elementor-widget-container\">\n\t\t\t\t\t<div class=\"elementor-button-wrapper\">\n\t\t\t<a href=\"https:\/\/mpt.utcluj.ro\/?page_id=372\" class=\"elementor-button-link elementor-button elementor-size-sm\" role=\"button\">\n\t\t\t\t\t\t<span class=\"elementor-button-content-wrapper\">\n\t\t\t\t\t\t<span class=\"elementor-button-icon elementor-align-icon-left\">\n\t\t\t\t<i aria-hidden=\"true\" class=\"fas fa-external-link-alt\"><\/i>\t\t\t<\/span>\n\t\t\t\t\t\t<span class=\"elementor-button-text\">Citeste mai mult despre carierele pe care le vei putea urma<\/span>\n\t\t<\/span>\n\t\t\t\t\t<\/a>\n\t\t<\/div>\n\t\t\t\t<\/div>\n\t\t\t\t<\/div>\n\t\t\t\t\t<\/div>\n\t\t<\/div>\n\t\t\t\t\t\t\t<\/div>\n\t\t<\/section>\n\t\t\t\t<section class=\"elementor-section elementor-inner-section elementor-element elementor-element-2a4f3e7 elementor-section-boxed elementor-section-height-default elementor-section-height-default\" data-id=\"2a4f3e7\" data-element_type=\"section\" data-settings=\"{&quot;background_background&quot;:&quot;classic&quot;}\">\n\t\t\t\t\t\t<div class=\"elementor-container elementor-column-gap-default\">\n\t\t\t\t\t<div class=\"elementor-column elementor-col-100 elementor-inner-column elementor-element elementor-element-d9811b8\" data-id=\"d9811b8\" data-element_type=\"column\">\n\t\t\t<div class=\"elementor-widget-wrap elementor-element-populated\">\n\t\t\t\t\t\t\t\t<div class=\"elementor-element elementor-element-d04ba5e elementor-widget elementor-widget-text-editor\" data-id=\"d04ba5e\" data-element_type=\"widget\" data-widget_type=\"text-editor.default\">\n\t\t\t\t<div class=\"elementor-widget-container\">\n\t\t\t\t\t\t\t\t<span style=\"color: #ff6600;\"><strong>Ce vei invata?<\/strong> <\/span>Programul de masterat MPT este construit at\u00e2t pe discipline consacrate \u00een managementul de proiect &#8211; <b>particularizate \u00eens\u0103 pentru proiecte tehnice<\/b> &#8211; c\u00e2t \u0219i pe<b> discipline care \u00eel diferen\u021biaz\u0103 semnificativ<\/b> de alte abord\u0103ri (generaliste) de management de proiect: <i>Software avansat pentru managementul proiectelor<\/i>, <i>Managementul proiectelor industriale<\/i>, <i>Managementul proiectelor din construc\u021bii<\/i>, <i>Managementul cuno\u0219tin\u021belor \u0219i transfer tehnologic, Negocierea \u015fi managementul contractelor<\/i> sau <i>Legisla\u021bie comercial\u0103 \u0219i managementul achizi\u021biilor<\/i>.\n\nProgramul de masterat MPT este puternic interdisciplinar; sectoarele de activitate vizate prioritar sunt cele industriale, IT-ul \u0219i construc\u021biile. Programul de masterat MPT este de asemenea relevant pentru toate organiza\u021biile care deruleaz\u0103 proiecte de cercetare-dezvoltare.\t\t\t\t\t\t<\/div>\n\t\t\t\t<\/div>\n\t\t\t\t<div class=\"elementor-element elementor-element-1c20340 elementor-button-info elementor-widget__width-inherit elementor-widget elementor-widget-button\" data-id=\"1c20340\" data-element_type=\"widget\" data-widget_type=\"button.default\">\n\t\t\t\t<div class=\"elementor-widget-container\">\n\t\t\t\t\t<div class=\"elementor-button-wrapper\">\n\t\t\t<a href=\"https:\/\/mpt.utcluj.ro\/?page_id=671\" class=\"elementor-button-link elementor-button elementor-size-sm\" role=\"button\">\n\t\t\t\t\t\t<span class=\"elementor-button-content-wrapper\">\n\t\t\t\t\t\t<span class=\"elementor-button-icon elementor-align-icon-left\">\n\t\t\t\t<i aria-hidden=\"true\" class=\"fas fa-external-link-alt\"><\/i>\t\t\t<\/span>\n\t\t\t\t\t\t<span class=\"elementor-button-text\">Vezi disciplinele programului MPT<\/span>\n\t\t<\/span>\n\t\t\t\t\t<\/a>\n\t\t<\/div>\n\t\t\t\t<\/div>\n\t\t\t\t<\/div>\n\t\t\t\t\t<\/div>\n\t\t<\/div>\n\t\t\t\t\t\t\t<\/div>\n\t\t<\/section>\n\t\t\t\t<section class=\"elementor-section elementor-inner-section elementor-element elementor-element-a2be14f elementor-section-boxed elementor-section-height-default elementor-section-height-default\" data-id=\"a2be14f\" data-element_type=\"section\">\n\t\t\t\t\t\t<div class=\"elementor-container elementor-column-gap-default\">\n\t\t\t\t\t<div class=\"elementor-column elementor-col-100 elementor-inner-column elementor-element elementor-element-e44fc58\" data-id=\"e44fc58\" data-element_type=\"column\">\n\t\t\t<div class=\"elementor-widget-wrap elementor-element-populated\">\n\t\t\t\t\t\t\t\t<div class=\"elementor-element elementor-element-b2898b0 elementor-widget elementor-widget-text-editor\" data-id=\"b2898b0\" data-element_type=\"widget\" data-widget_type=\"text-editor.default\">\n\t\t\t\t<div class=\"elementor-widget-container\">\n\t\t\t\t\t\t\t\t<p><span style=\"color: #ff6600;\"><strong>Cine preda?<\/strong><\/span> Lectorii programului de masterat MPT <i>au experien\u021b\u0103 semnificativ\u0103 \u00een managementul proiectelor tehnice complexe \u0219i au fost (\u0219i sunt) implica\u021bi at\u00e2t \u00een proiecte cu industria c\u00e2t \u0219i \u00een proiecte de cercetare<\/i>. Lectorii provin at\u00e2t din mediul universitar (Universitatea Tehnic\u0103) c\u00e2t <b>\u0219i<\/b> din cel industrial (partenerul strategic Emerson \u0219i al\u021bi parteneri din industrie \u0219i IT). Activitatea ini\u021biatorilor acestui program (\u0219i a lectorilor prev\u0103zu\u021bi a fi implica\u021bi) a condus la formarea de competen\u021be semnificative \u00een managementul proiectelor <i><b>tehnice<\/b><\/i>, abordate pe <i>\u00eentreg ciclul de via\u021b\u0103 al acestora<\/i> \u0219i din <i>perspectiv\u0103 interdisciplinar\u0103<\/i>. Programul MPT valorific\u0103 aceste competen\u021be \u0219i experien\u021ba acumulat\u0103, traduc\u00e2ndu-le \u00een 21 discipline cu puternic caracter aplicativ.<\/p><p><span style=\"color: #ff6600;\"><strong>Cum vei invata?<\/strong><\/span> La cursuri, proiecte si laboratoare, focalizarea va fi pe aplicatii reale, cu provocari si constrangeri reale. Suporturile teoretice (cursurile) sunt gandite sa sustina proiectele si laboratoarele; ele sunt asadar strans legate de componenta aplicativa. Vom acorda o atentie aparte interactivitatii cursurilor si a activitatilor aplicative: paradigma pe care ne dorim s-o implementam, in derularea tuturor activitatilor didactice, este problem- si project-based learning. Componenta principala a verificarii cunostintelor acumulate, pentru fiecare disciplina, va fi sub forma de mini-proiecte, desfasurate in echipe de 2-3 masteranzi.<\/p>\t\t\t\t\t\t<\/div>\n\t\t\t\t<\/div>\n\t\t\t\t\t<\/div>\n\t\t<\/div>\n\t\t\t\t\t\t\t<\/div>\n\t\t<\/section>\n\t\t\t\t<section class=\"elementor-section elementor-inner-section elementor-element elementor-element-a27eda5 elementor-section-boxed elementor-section-height-default elementor-section-height-default\" data-id=\"a27eda5\" data-element_type=\"section\">\n\t\t\t\t\t\t<div class=\"elementor-container elementor-column-gap-default\">\n\t\t\t\t\t<div class=\"elementor-column elementor-col-100 elementor-inner-column elementor-element elementor-element-bcd6ffc\" data-id=\"bcd6ffc\" data-element_type=\"column\">\n\t\t\t<div class=\"elementor-widget-wrap elementor-element-populated\">\n\t\t\t\t\t\t\t\t<div class=\"elementor-element elementor-element-ed06440 elementor-widget elementor-widget-text-editor\" data-id=\"ed06440\" data-element_type=\"widget\" data-widget_type=\"text-editor.default\">\n\t\t\t\t<div class=\"elementor-widget-container\">\n\t\t\t\t\t\t\t\t<span style=\"color: #ff6600;\"><strong>Cum te poti inscrie?<\/strong><\/span> Admiterea se face la fel ca pentru toate celelalte programe de master ale Universitatii Tehnice din Cluj-Napoca. Pot candida absolven\u021bii cu diplom\u0103 de licen\u021b\u0103 sau echivalent\u0103. Departajarea candidatilor se face pe baza notelor obtinute la absolvirea studiilor de licenta si a unui scurt examen sub forma unui interviu. Interviul vizeaza cuno\u0219tin\u021be ingineresti generale, dobandite pe parcursul studiilor universitare de licenta (pentru care bibliografia este disponibila pe site-ul programului masteral), precum si motivatia profesionala pe care o are candidatul privind proiectele tehnice.\t\t\t\t\t\t<\/div>\n\t\t\t\t<\/div>\n\t\t\t\t<div class=\"elementor-element elementor-element-be61116 elementor-button-info elementor-widget__width-inherit elementor-widget elementor-widget-button\" data-id=\"be61116\" data-element_type=\"widget\" data-widget_type=\"button.default\">\n\t\t\t\t<div class=\"elementor-widget-container\">\n\t\t\t\t\t<div class=\"elementor-button-wrapper\">\n\t\t\t<a href=\"https:\/\/mpt.utcluj.ro\/?page_id=361\" class=\"elementor-button-link elementor-button elementor-size-sm\" role=\"button\">\n\t\t\t\t\t\t<span class=\"elementor-button-content-wrapper\">\n\t\t\t\t\t\t<span class=\"elementor-button-icon elementor-align-icon-left\">\n\t\t\t\t<i aria-hidden=\"true\" class=\"fas fa-external-link-alt\"><\/i>\t\t\t<\/span>\n\t\t\t\t\t\t<span class=\"elementor-button-text\">Afla mai multe detalii despre admitere<\/span>\n\t\t<\/span>\n\t\t\t\t\t<\/a>\n\t\t<\/div>\n\t\t\t\t<\/div>\n\t\t\t\t<\/div>\n\t\t\t\t\t<\/div>\n\t\t<\/div>\n\t\t\t\t\t\t\t<\/div>\n\t\t<\/section>\n\t\t\t\t\t<\/div>\n\t\t<\/div>\n\t\t\t\t<div class=\"elementor-column elementor-col-50 elementor-top-column elementor-element elementor-element-a44bc4d\" data-id=\"a44bc4d\" data-element_type=\"column\">\n\t\t\t<div class=\"elementor-widget-wrap elementor-element-populated\">\n\t\t\t\t\t\t\t\t<section class=\"elementor-section elementor-inner-section elementor-element elementor-element-2f20e21 elementor-section-full_width elementor-section-height-default elementor-section-height-default\" data-id=\"2f20e21\" data-element_type=\"section\" data-settings=\"{&quot;background_background&quot;:&quot;classic&quot;}\">\n\t\t\t\t\t\t<div class=\"elementor-container elementor-column-gap-default\">\n\t\t\t\t\t<div class=\"elementor-column elementor-col-100 elementor-inner-column elementor-element elementor-element-6b85d7a\" data-id=\"6b85d7a\" data-element_type=\"column\">\n\t\t\t<div class=\"elementor-widget-wrap elementor-element-populated\">\n\t\t\t\t\t\t\t\t<div class=\"elementor-element elementor-element-351e9db elementor-widget elementor-widget-text-editor\" data-id=\"351e9db\" data-element_type=\"widget\" data-widget_type=\"text-editor.default\">\n\t\t\t\t<div class=\"elementor-widget-container\">\n\t\t\t\t\t\t\t\t<p>In general, orice manager de proiect, pentru a avea succes, trebuie sa fie bun organizator, sa aiba capabilitati de lider si abilitati de comunicare. Cand vine vorba de proiecte tehnice, mai adaugam acestor atribute si cunostintele tehnologice si experienta. Managementul proiectelor tehnice este asadar puternic individualizat in domeniul sau, cu propriile sale provocari si oportunitati.<\/p><p>Managerii de proiecte tehnice au un rol fundamental in propunerea, dezvoltarea si implementarea acestor proiecte. Trebuie sa fie capabili sa inteleaga la un nivel superior continutul tehnic al unui asemenea proiect, dar si sa se ocupe de sarcini comune ale unui manager de proiect, precum planificare, executie, administrare de bugete sau comunicare.<\/p>\t\t\t\t\t\t<\/div>\n\t\t\t\t<\/div>\n\t\t\t\t\t<\/div>\n\t\t<\/div>\n\t\t\t\t\t\t\t<\/div>\n\t\t<\/section>\n\t\t\t\t\t<\/div>\n\t\t<\/div>\n\t\t\t\t\t\t\t<\/div>\n\t\t<\/section>\n\t\t\t\t\t\t<\/div>\n\t\t\t\t\t<\/div>\n\t\t","protected":false},"excerpt":{"rendered":"<p>De ce Managementul Proiectelor Tehnice? Cui ne adresam? Programul de masterat Managementul Proiectelor Tehnice (pe scurt: MPT) este cea mai potrivita alegere [&hellip;]<\/p>\n","protected":false},"author":1,"featured_media":0,"parent":0,"menu_order":0,"comment_status":"closed","ping_status":"closed","template":"page-templates\/page_front-page.php","meta":{"footnotes":""},"class_list":["post-679","page","type-page","status-publish","hentry"],"_links":{"self":[{"href":"https:\/\/mpt.utcluj.ro\/index.php?rest_route=\/wp\/v2\/pages\/679","targetHints":{"allow":["GET"]}}],"collection":[{"href":"https:\/\/mpt.utcluj.ro\/index.php?rest_route=\/wp\/v2\/pages"}],"about":[{"href":"https:\/\/mpt.utcluj.ro\/index.php?rest_route=\/wp\/v2\/types\/page"}],"author":[{"embeddable":true,"href":"https:\/\/mpt.utcluj.ro\/index.php?rest_route=\/wp\/v2\/users\/1"}],"replies":[{"embeddable":true,"href":"https:\/\/mpt.utcluj.ro\/index.php?rest_route=%2Fwp%2Fv2%2Fcomments&post=679"}],"version-history":[{"count":66,"href":"https:\/\/mpt.utcluj.ro\/index.php?rest_route=\/wp\/v2\/pages\/679\/revisions"}],"predecessor-version":[{"id":1457,"href":"https:\/\/mpt.utcluj.ro\/index.php?rest_route=\/wp\/v2\/pages\/679\/revisions\/1457"}],"wp:attachment":[{"href":"https:\/\/mpt.utcluj.ro\/index.php?rest_route=%2Fwp%2Fv2%2Fmedia&parent=679"}],"curies":[{"name":"wp","href":"https:\/\/api.w.org\/{rel}","templated":true}]}}